{"id":1064,"date":"2022-02-17T16:36:54","date_gmt":"2022-02-17T15:36:54","guid":{"rendered":"http:\/\/archiviodistatodimassa.cultura.gov.it\/?page_id=1064"},"modified":"2022-07-26T12:15:40","modified_gmt":"2022-07-26T10:15:40","slug":"archivio-avvisi","status":"publish","type":"page","link":"https:\/\/archiviodistatodimassa.cultura.gov.it\/?page_id=1064","title":{"rendered":"Archivio Avvisi"},"content":{"rendered":"<h2>Archivio Avvisi<\/h2>\n<p>&nbsp;<\/p>\n<div class=\"searchResults\">\n<div class=\"even\">\n<div class=\"around\">\n<h4><\/h4>\n<h4>Giornata della memoria 2022<\/h4>\n<h4 class=\"subtitle\">27\/01\/2022<\/h4>\n<p>Gli Ebrei nella documentazione della questura di Massa<\/p>\n<\/div>\n<\/div>\n<div class=\"odd\">\n<div class=\"around\">\n<h4><\/h4>\n<\/div>\n<\/div>\n<div class=\"even\">\n<div class=\"around\">\n<h4>Anarchici Carrarini nella documentazione dell&#8217;Archivio di Stato di Massa<\/h4>\n<h4 class=\"subtitle\">09\/06\/2021<\/h4>\n<p>&nbsp;<\/p>\n<\/div>\n<\/div>\n<div class=\"odd\">\n<div class=\"around\">\n<h4>Antenati<\/h4>\n<h4 class=\"subtitle\">22\/04\/2021<\/h4>\n<p>Gli Archivi per la Ricerca Anagrafica<\/p>\n<\/div>\n<\/div>\n<div class=\"even\">\n<div class=\"around\"><\/div>\n<\/div>\n<div class=\"odd\">\n<div class=\"around\">\n<p>&nbsp;<\/p>\n<\/div>\n<\/div>\n<div class=\"even\">\n<div class=\"around\">\n<h4>Archivio Lili e Alberto Cei<\/h4>\n<h4 class=\"subtitle\">10\/05\/2021<\/h4>\n<p>Video archivio Lili e Alberto Cei \/archivissima<\/p>\n<\/div>\n<\/div>\n<div class=\"odd\">\n<div class=\"around\">\n<h4>Archivio storico di Fivizzano<\/h4>\n<h4 class=\"subtitle\">27\/04\/2021<\/h4>\n<p>Inserito negli inventari<\/p>\n<\/div>\n<\/div>\n<div class=\"even\">\n<div class=\"around\">\n<p>&nbsp;<\/p>\n<\/div>\n<\/div>\n<div class=\"odd\">\n<div class=\"around\">\n<h4>Avviso all&#8217;utenza<\/h4>\n<h4 class=\"subtitle\">05\/03\/2020<\/h4>\n<p>Disposizioni per la sala studio. Contenimento emergenza da Covid-19<\/p>\n<\/div>\n<\/div>\n<div class=\"even\">\n<div class=\"around\">\n<h4>Biblioteca Catalogo Edizioni Antiche<\/h4>\n<h4 class=\"subtitle\">24\/09\/2020<\/h4>\n<p>Catalogo Edizioni Antiche 1500-1830<\/p>\n<\/div>\n<\/div>\n<div class=\"odd\">\n<div class=\"around\">\n<h4>Censimento Napoleonico di Pontremoli<\/h4>\n<h4 class=\"subtitle\">26\/08\/2020<\/h4>\n<p>Stiamo inserendo i documenti nella Sezione di Pontremoli\/Servizi\/Censimento<br \/>\nin formato pdf scaricabili<\/p>\n<\/div>\n<\/div>\n<div class=\"even\">\n<div class=\"around\">\n<h4>chiusura Archivio di Stato<\/h4>\n<h4 class=\"subtitle\">09\/03\/2020<\/h4>\n<p>Ai sensi del DPCM 8 marzo 2020, art. 2 comma d, \u00e8 sospesa l&#8217;apertura dei luoghi della cultura. Pertanto dalla data odierna l&#8217;Archivio di Stato di Massa e la sezione di Pontremoli resteranno chiuse al pubblico fino a nuove disposizioni. Restano garantiti i servizi di ricerca e di fotoriproduzione per corrispondenza.<\/p>\n<\/div>\n<\/div>\n<div class=\"even\">\n<div class=\"around\">\n<p>&nbsp;<\/p>\n<\/div>\n<\/div>\n<div class=\"odd\">\n<div class=\"around\">\n<h4>documenti digitalizzati nella pagine, Patrimonio\/Risorse digitali \/genio civile e sezione di Pontremoli,Servizi\/ censimenti \/stato civile<\/h4>\n<h4 class=\"subtitle\">20\/08\/2020<\/h4>\n<p>Documenti digitalizzati nella sezione Patrimonio\/ Risorse Digitali, e Servizi<\/p>\n<\/div>\n<\/div>\n<div class=\"even\">\n<div class=\"around\">\n<p>&nbsp;<\/p>\n<\/div>\n<\/div>\n<div class=\"odd\">\n<div class=\"around\">\n<p>&nbsp;<\/p>\n<\/div>\n<\/div>\n<div class=\"even\">\n<div class=\"around\">\n<h4>Fogli matricolari di Massa e La Spezia<\/h4>\n<h4 class=\"subtitle\">15\/09\/2020<\/h4>\n<p>Elenco nominativi dei fogli matricolari<\/p>\n<\/div>\n<\/div>\n<div class=\"odd\">\n<div class=\"around\">\n<h4><\/h4>\n<\/div>\n<\/div>\n<div class=\"even\">\n<div class=\"around\">\n<h4>Giornata della memoria<\/h4>\n<h4 class=\"subtitle\">27\/01\/2020<\/h4>\n<p>Per commemorare la giornata della memoria, il personale dell&#8217;Archivio di Stato di Massa ha allestito una mostra documentaria<\/p>\n<\/div>\n<\/div>\n<div class=\"odd\">\n<div class=\"around\">\n<p>&nbsp;<\/p>\n<\/div>\n<\/div>\n<div class=\"even\">\n<div class=\"around\">\n<h4>Gli Statuti della Lunigiana<\/h4>\n<h4 class=\"subtitle\">03\/08\/2021<\/h4>\n<p>Inserita pagina nella sezione Patrimonio\/Risorse digitali<br \/>\n&#8216;Statuti della Lunigiana&#8217;<\/p>\n<\/div>\n<\/div>\n<div class=\"odd\">\n<div class=\"around\">\n<h4>Governo e Stati di Massa Carrara<\/h4>\n<h4 class=\"subtitle\">07\/10\/2020<\/h4>\n<p>Censimenti del 1819 Massa e Carrara e comunelli<\/p>\n<\/div>\n<\/div>\n<div class=\"even\">\n<div class=\"around\">\n<h4>Governo e Stati di Massa Carrara<\/h4>\n<h4 class=\"subtitle\">29\/12\/2021<\/h4>\n<p>Registro dei forestieri transitati dalla dogana della Parmignola<\/p>\n<div class=\"even\">\n<div class=\"around\">\n<h4>Indice alfabetico degli individui iscritti al libro degli estimi di Massa e comunelli XV\/XVIII sec<\/h4>\n<h4 class=\"subtitle\">15\/12\/2020<\/h4>\n<p>Rubrica alla pagina Inventari<\/p>\n<\/div>\n<\/div>\n<div class=\"odd\">\n<div class=\"around\">\n<h4>Inventari<\/h4>\n<h4 class=\"subtitle\">07\/04\/2021<\/h4>\n<p>Inventario Archivio storico di Fosdinovo<br \/>\n___<\/p>\n<p>Inventario Archivio Privato Conte R. Ceccopieri Luciani<\/p>\n<\/div>\n<\/div>\n<div class=\"even\">\n<div class=\"around\">\n<h4>Inventari<\/h4>\n<h4 class=\"subtitle\">08\/03\/2021<\/h4>\n<p>Aggiunti nuovi inventari<\/p>\n<\/div>\n<\/div>\n<div class=\"odd\">\n<div class=\"around\">\n<h4>Inventari<\/h4>\n<h4 class=\"subtitle\">06\/07\/2021<\/h4>\n<p>Inserito<br \/>\nInventario catasto di Massa e Carrara e comunelli 1820-1824 e domande di voltura 1871-1907<\/p>\n<\/div>\n<\/div>\n<div class=\"even\">\n<div class=\"around\">\n<h4>Inventari<\/h4>\n<h4 class=\"subtitle\">20\/07\/2021<\/h4>\n<p>Inserito Inventario Emeroteca (raccolta di giornali e periodici)<\/p>\n<\/div>\n<\/div>\n<div class=\"odd\">\n<div class=\"around\">\n<h4>Inventari aggiornamento<\/h4>\n<h4 class=\"subtitle\">27\/08\/2021<\/h4>\n<p>Aggiunti inventari della sezione di Pontremoli<\/p>\n<\/div>\n<\/div>\n<div class=\"even\">\n<div class=\"around\">\n<p>&nbsp;<\/p>\n<\/div>\n<\/div>\n<div class=\"odd\">\n<div class=\"around\">\n<h4>Inventari privati: Pietro Andrei, Fantoni Picciolli<\/h4>\n<h4 class=\"subtitle\">12\/02\/2021<\/h4>\n<p>Inventari:<\/p>\n<p>Archivio can. Pietro Andrei (secc. XVIII-XIX)<\/p>\n<p>Archivio Fantoni Picciolli (1701-1900)<\/p>\n<\/div>\n<\/div>\n<div class=\"even\">\n<div class=\"around\">\n<h4>Inventari: Archivio privato Fantoni<\/h4>\n<h4 class=\"subtitle\">03\/02\/2021<\/h4>\n<p>Inventario Archivio Fantoni (sec. XVI-1915)<\/p>\n<\/div>\n<\/div>\n<div class=\"odd\">\n<div class=\"around\">\n<h4>Inventari: Archivio storico del comune di Massa<\/h4>\n<h4 class=\"subtitle\">26\/01\/2021<\/h4>\n<p>Inventario del comune di Massa I e II serie fino al 1932<\/p>\n<\/div>\n<\/div>\n<div class=\"even\">\n<div class=\"around\">\n<h4>Inventario Questura di Massa Carrara<\/h4>\n<h4 class=\"subtitle\">04\/03\/2021<\/h4>\n<p>Inventario Questura di Massa Carrara, Archivio di Gabinetto<br \/>\nCasellario politico 1920\/1940<\/p>\n<\/div>\n<\/div>\n<div class=\"odd\">\n<div class=\"around\">\n<h4>La follia tra scienza psichiatrica e documenti d&#8217;archivio<\/h4>\n<h4 class=\"subtitle\">15\/10\/2021<\/h4>\n<p>Giornata di studi<\/p>\n<p>Venerd\u00ec 15 ottobre &#8211; ore 15:30 \u00f9<\/p>\n<p>Evento streaming youtube<\/p>\n<p><iframe loading=\"lazy\" title=\"La follia tra scienza psichiatrica e documenti d&#039;archivio\" width=\"500\" height=\"375\" src=\"https:\/\/www.youtube.com\/embed\/QS7vfk2Ax20?feature=oembed\" frameborder=\"0\" allow=\"accelerometer; autoplay; clipboard-write; encrypted-media; gyroscope; picture-in-picture; web-share\" referrerpolicy=\"strict-origin-when-cross-origin\" allowfullscreen><\/iframe><\/p>\n<\/div>\n<\/div>\n<div class=\"even\">\n<div class=\"around\">\n<h4>Liste di Leva del circondario di Massa anni 1840-1852<\/h4>\n<h4 class=\"subtitle\">20\/12\/2021<\/h4>\n<p>Risorse digitali<\/p>\n<\/div>\n<\/div>\n<div class=\"odd\">\n<div class=\"around\">\n<h4>Manoscritti digitalizzati<\/h4>\n<h4 class=\"subtitle\">19\/11\/2021<\/h4>\n<p>Archivio di Stato di Massa, Manoscritto n. 2: Anniboni<br \/>\nTommaso di Aiola<\/p>\n<\/div>\n<\/div>\n<div class=\"even\">\n<div class=\"around\">\n<h4>mic<\/h4>\n<h4 class=\"subtitle\"><\/h4>\n<p>new logo<\/p>\n<div class=\"searchResults\">\n<div class=\"odd\">\n<div class=\"around\">\n<p>&nbsp;<\/p>\n<\/div>\n<\/div>\n<div class=\"even\">\n<div class=\"around\">\n<h4>Observer Storie<\/h4>\n<h4 class=\"subtitle\">19\/10\/2021<\/h4>\n<p>Intervista di Tito Taddei Puntata n 44<\/p>\n<\/div>\n<\/div>\n<div class=\"odd\">\n<div class=\"around\">\n<h4>Pagamento riproduzioni<\/h4>\n<h4 class=\"subtitle\">22\/03\/2021<\/h4>\n<p>Pagare le riproduzioni tramite piattaforma PAGOPA<\/p>\n<\/div>\n<\/div>\n<div class=\"even\">\n<div class=\"around\">\n<h4>Patrick Zaki<\/h4>\n<h4 class=\"subtitle\">10\/02\/2021<\/h4>\n<p>L&#8217;archivio di Stato di Massa ha ammesso in sala stuido come studioso onorario Patrik Zaki<\/p>\n<\/div>\n<\/div>\n<div class=\"odd\">\n<div class=\"around\">\n<h4>Presentazione libro<\/h4>\n<h4 class=\"subtitle\">18\/01\/2020<\/h4>\n<p>Apertura straordinaria dell&#8217;Archivio di Stato di Massa sabato 18 gennaio<\/p>\n<\/div>\n<\/div>\n<div class=\"even\">\n<div class=\"around\">\n<p>&nbsp;<\/p>\n<\/div>\n<\/div>\n<div class=\"odd\">\n<div class=\"around\">\n<h4>Registro dei forestieri in viaggio<\/h4>\n<h4 class=\"subtitle\">30\/12\/2021<\/h4>\n<p>Un registro dei forestieri in viaggio del dicembre 1831<\/p>\n<\/div>\n<\/div>\n<div class=\"even\">\n<div class=\"around\">\n<p>&nbsp;<\/p>\n<\/div>\n<\/div>\n<div class=\"odd\">\n<div class=\"around\">\n<h4>Sito SIAS della Sezione di Pontremoli<\/h4>\n<h4 class=\"subtitle\">17\/11\/2021<\/h4>\n<p>&nbsp;<\/p>\n<\/div>\n<\/div>\n<div class=\"even\">\n<div class=\"around\">\n<h4>Stato civile<\/h4>\n<h4 class=\"subtitle\">22\/03\/2021<\/h4>\n<p>Aggiunta rubrica degli atti di nascita di<br \/>\nCastelnuovo in Garfagnana<\/p>\n<p>Greetings to our followers from California San Francisco, S. Petersburg Florida<\/p>\n<\/div>\n<\/div>\n<div class=\"odd\">\n<div class=\"around\">\n<h4>Stato Civile di Fivizzano<\/h4>\n<h4 class=\"subtitle\">21\/12\/2021<\/h4>\n<p>Risorse digitali<\/p>\n<\/div>\n<\/div>\n<div class=\"odd\">\n<div class=\"around\">\n<h4>Video<\/h4>\n<h4 class=\"subtitle\">25\/09\/2021<\/h4>\n<p>Carte della Follia<\/p>\n<h4>Webinar<\/h4>\n<h4 class=\"subtitle\">25\/05\/2021<\/h4>\n<p>Video del corso webinar zoom in data 25 maggio 2021<\/p>\n<\/div>\n<\/div>\n<div class=\"even\">\n<div class=\"around\">\n<h4>Video sul canale youtube<\/h4>\n<h4 class=\"subtitle\">20\/10\/2021<\/h4>\n<p>Visita guidata alla mostra<\/p>\n<div class=\"even\">\n<div class=\"around\">\n<h4>Apertura straordinaria domenica 23 febbraio<\/h4>\n<h4 class=\"subtitle\">23\/02\/2020<\/h4>\n<p>l&#8217;Istituto organizza una conferenza assieme all&#8217;Associazione Italia-Israele Massa Carrara un conferenza che si terr\u00e0 domenica 23 settembre alle ore 16 presso la sala della Biblioteca Nazionale di Esperanto ubicata all&#8217;interno dell&#8217;Archivio di Stato di Massa.<\/p>\n<\/div>\n<\/div>\n<div class=\"odd\">\n<div class=\"around\">\n<h4>Archivio dei Malaspina di Fosdinovo<\/h4>\n<h4 class=\"subtitle\">04\/12\/2020<\/h4>\n<p>Testamento del Marchese Spinetta<\/p>\n<\/div>\n<\/div>\n<div class=\"even\">\n<div class=\"around\">\n<h4>Archivio dello Stato Civile \/ Massa e provincia<\/h4>\n<h4 class=\"subtitle\">24\/12\/2020<\/h4>\n<p>Archivio dello Stato Civile<\/p>\n<\/div>\n<\/div>\n<div class=\"odd\">\n<div class=\"around\">\n<h4>Archivio Ducale Diplomatico<\/h4>\n<h4 class=\"subtitle\">09\/12\/2020<\/h4>\n<p>Pergamene archivio ducale \/diplomatico<\/p>\n<h4>Domenica di carta 2019<\/h4>\n<h4 class=\"subtitle\">13\/10\/2019<\/h4>\n<p>La bellezza letteraria del teatro dialettale massese<\/p>\n<\/div>\n<\/div>\n<\/div>\n<\/div>\n<div class=\"clear\">\n<h4>Festa della Musica 2019 \u201cMassa a Corte\u201d<\/h4>\n<h4 class=\"subtitle\">21\/06\/2019<\/h4>\n<p>Invito alla Conferenza Musica e musicisti alla corte dei Cybo Malaspina Relatrice prof.ssa Patrizia Radicchi. Intermezzi musicali degli studenti del Liceo Musicale F. Palma di Massa. Mostra di spartiti musicali e libretti d&#8217;opera della Biblioteca Nazionale di Esperanto.<\/p>\n<\/div>\n<\/div>\n<div id=\"paginate\" class=\"pagination\">\n<div class=\"even\">\n<div class=\"around\">\n<h4>voghja d&#8217;America<\/h4>\n<h4>Archivio di Stato di Massa. Aggiudicazione del servizio di casierato presso la sede dell&#8217;Archivio di Stato di Massa.<\/h4>\n<h4 class=\"subtitle\">29\/08\/2019<\/h4>\n<p>Pubblicazione della aggiudicazione del servizio di casierato<\/p>\n<h4 class=\"subtitle\">15\/12\/2019<\/h4>\n<p>Domenica 15 dicembre ore 16:00-18:00 si terr\u00e0 la proiezione della commedia brillante in dialetto massese<\/p>\n<h4>Fra le carte del fondo Pelliccia Remedi. Una famiglia di artisti nella Carrara del XIX secolo<\/h4>\n<h4 class=\"subtitle\">22\/09\/2018<\/h4>\n<p>Inaugurazione mostra sabato 22 settembre 2018 ore 10<\/p>\n<\/div>\n<\/div>\n<div class=\"odd\">\n<div class=\"around\">\n<p>&nbsp;<\/p>\n<h4>Mostra documentaria dei 130 anni dell&#8217;Archivio di Stato di Massa<\/h4>\n<h4 class=\"subtitle\">28\/03\/2017<\/h4>\n<p>Mostra documentaria dei 130 anni dell&#8217;Archivio di Stato di Massa<br \/>\n28 marzo &#8211; 31 ottobre 2017<\/p>\n<\/div>\n<\/div>\n<div class=\"even\">\n<div class=\"around\">\n<h4>XXXVII edizione &#8220;Giornate Europee del Patrimonio&#8221;<\/h4>\n<h4 class=\"subtitle\">23\/09\/2017<\/h4>\n<p>&#8220;Giornate Europee del Patrimonio&#8221;<\/p>\n<h4>Convegno &#8220;Dalla parte dei documenti: la storia del terriotorio nei 130 anni dell&#8217;Archivio di Stato di Massa, tra conservazione e valorizzazione&#8221;<\/h4>\n<h4 class=\"subtitle\">28\/03\/2017<\/h4>\n<p>Convegno di studi sui 130 anni dell&#8217;Archivio di Stato di Mass<\/p>\n<h4>Nel cinquantesimo anniversario della alluvione di Firenze del 4 novembre 1966<\/h4>\n<h4 class=\"subtitle\">27\/10\/2016<\/h4>\n<p>Nel cinquantesimo anniversario della alluvione di Firenze del 4 novembre 1966:<br \/>\nmostra documentaria &#8220;Acque ribelli&#8221;;<br \/>\nmostra fotografica &#8220;Aulla 2011: il salvataggio di due archivi&#8221;<br \/>\ndal 4 novembre a marzo 2017<\/p>\n<p>&nbsp;<\/p>\n<h4>Emigrazione e immigrazione in terra Apuana tra XlX e XX secolo<\/h4>\n<h4 class=\"subtitle\">22\/09\/2016<\/h4>\n<p>La mostra rimarr\u00e0 aperta fino a marzo e potr\u00e0 essere visitata anche nei giorni feriali di apertura al pubblico dell&#8217;istituto luned\u00ec, mercoled\u00ec e venerd\u00ec 8,15-13,45; marted\u00ec e gioved\u00ec 8,15-17,45<\/p>\n<h4>Giornate Europee del Patrimonio 2013<\/h4>\n<h4 class=\"subtitle\">28\/09\/2013<\/h4>\n<p>Apertura straordinaria dell&#8217;Archivio di Massa e della Sezione distaccata di Pontremoli<\/p>\n<\/div>\n<\/div>\n<\/div>\n<\/div>\n<\/div>\n<\/div>\n<\/div>\n<\/div>\n","protected":false},"excerpt":{"rendered":"<p>Archivio Avvisi &nbsp; Giornata della memoria 2022 27\/01\/2022 Gli Ebrei nella documentazione della questura di Massa Anarchici Carrarini nella documentazione dell&#8217;Archivio di Stato di Massa 09\/06\/2021 &nbsp; Antenati 22\/04\/2021 Gli Archivi per la Ricerca Anagrafica &nbsp; Archivio Lili e Alberto Cei 10\/05\/2021 Video archivio Lili e Alberto Cei \/archivissima Archivio storico di Fivizzano 27\/04\/2021 Inserito negli inventari &nbsp; Avviso all&#8217;utenza 05\/03\/2020 Disposizioni per la sala studio.<\/p>\n","protected":false},"author":2,"featured_media":0,"parent":0,"menu_order":0,"comment_status":"closed","ping_status":"closed","template":"","meta":{"footnotes":""},"tags":[],"class_list":["post-1064","page","type-page","status-publish","hentry"],"_links":{"self":[{"href":"https:\/\/archiviodistatodimassa.cultura.gov.it\/index.php?rest_route=\/wp\/v2\/pages\/1064","targetHints":{"allow":["GET"]}}],"collection":[{"href":"https:\/\/archiviodistatodimassa.cultura.gov.it\/index.php?rest_route=\/wp\/v2\/pages"}],"about":[{"href":"https:\/\/archiviodistatodimassa.cultura.gov.it\/index.php?rest_route=\/wp\/v2\/types\/page"}],"author":[{"embeddable":true,"href":"https:\/\/archiviodistatodimassa.cultura.gov.it\/index.php?rest_route=\/wp\/v2\/users\/2"}],"replies":[{"embeddable":true,"href":"https:\/\/archiviodistatodimassa.cultura.gov.it\/index.php?rest_route=%2Fwp%2Fv2%2Fcomments&post=1064"}],"version-history":[{"count":34,"href":"https:\/\/archiviodistatodimassa.cultura.gov.it\/index.php?rest_route=\/wp\/v2\/pages\/1064\/revisions"}],"predecessor-version":[{"id":2316,"href":"https:\/\/archiviodistatodimassa.cultura.gov.it\/index.php?rest_route=\/wp\/v2\/pages\/1064\/revisions\/2316"}],"wp:attachment":[{"href":"https:\/\/archiviodistatodimassa.cultura.gov.it\/index.php?rest_route=%2Fwp%2Fv2%2Fmedia&parent=1064"}],"wp:term":[{"taxonomy":"post_tag","embeddable":true,"href":"https:\/\/archiviodistatodimassa.cultura.gov.it\/index.php?rest_route=%2Fwp%2Fv2%2Ftags&post=1064"}],"curies":[{"name":"wp","href":"https:\/\/api.w.org\/{rel}","templated":true}]}}