{"id":216,"date":"2022-01-19T14:09:04","date_gmt":"2022-01-19T13:09:04","guid":{"rendered":"http:\/\/archiviodistatodimassa.cultura.gov.it\/?page_id=216"},"modified":"2022-01-20T09:29:52","modified_gmt":"2022-01-20T08:29:52","slug":"archivi-pubblici","status":"publish","type":"page","link":"https:\/\/archiviodistatodimassa.cultura.gov.it\/?page_id=216","title":{"rendered":"Archivi Enti Pubblici"},"content":{"rendered":"<h2>Archivi Enti Pubblici<\/h2>\n<p>Di seguito vengono elencati i principali Archivi riguardanti gli Enti Pubblici:<\/p>\n<ul>\n<li>\n<div><em><strong>Archivio storico del Comune di Massa<\/strong><\/em><\/div>\n<\/li>\n<\/ul>\n<p>Depositato in pi\u00f9 fasi, a partire dal 1992, l&#8217;<em>Archivio storico del Comune di Massa<\/em>\u00a0(1515-1955), conserva carteggio che compenetra ed \u00e8 completamento di quello governativo. Di particolare importanza ai fini di studi economici e fiscali, risultano i registri dell&#8217;<em>Estimo<\/em>\u00a0istituito da Carlo I Cybo non prima del 1640, estimo che sar\u00e0 in vigore fino al momento in cui diventer\u00e0 esecutivo il catasto geometrico di Maria Beatrice. La serie pi\u00f9 antica \u00e8 quella inerente alle\u00a0<em>Entrate ed Uscite della Comunit\u00e0<\/em>\u00a0(1515), poich\u00e9 la documentazione precedente \u00e8 andata distrutta a seguito di un incendio provocato da un fulmine abbattutosi sui locali che ospitavano l&#8217;archivio nella rocca malaspiniana.<\/p>\n<ul>\n<li>\n<div><em><strong>Archivio storico del Comune di Carrara<\/strong><\/em><\/div>\n<\/li>\n<\/ul>\n<p>Nell&#8217;<em>Archivio storico del Comune di Carrara<\/em>\u00a0(sec. XV &#8211; 1955), la serie archivistica di grande preziosit\u00e0, e meritevole di nota, \u00e8 quella relativa agli estimi facenti riferimento a Carrara ed alle frazioni collinari.<\/p>\n<ul>\n<li>\n<div><em><strong>Archivio del Comune di Fivizzano<\/strong><\/em><\/div>\n<\/li>\n<\/ul>\n<p>Le carte conservate nell&#8217;<em>Archivio del Comune di Fivizzano<\/em>, sono insostituibili per uno studio del territorio e delle sue istituzioni, in quanto sede di un Capitanato dipendente dal governo fiorentino (1502-1859).<br \/>\nDi particolare interesse risultano le filze degli atti criminali (1532-1856) e degli atti civili (1514-1859).<\/p>\n<ul>\n<li>\n<div><em><strong>Archivio Storico di Fosdinovo<\/strong><\/em><\/div>\n<\/li>\n<\/ul>\n<p>L&#8217;<em>Archivio Storico di Fosdinovo<\/em>\u00a0(1336-1899), anche se di minor entit\u00e0 rispetto ai precedenti,conserva documentazione importante quale gli estimi delle comunit\u00e0 e comunelli del marchesato di Fosdinovo, oltre a carteggio inerente a questioni di confini. Importanza rivestono volumi di atti notarili relativi alle comunit\u00e0 di Cortila, Equi Terme, Gragnola e varie altre localit\u00e0.<\/p>\n<ul>\n<li>\n<div><em><strong>Archivio di Montignoso<\/strong><\/em><\/div>\n<\/li>\n<\/ul>\n<p>Il piccolissimo\u00a0<em>Archivio di Montignoso<\/em>, o meglio ci\u00f2 che ci \u00e8 pervenuto (1594-1849), si limita al carteggio inerente a\u00a0<em>Contratti, Deliberazioni, Catasti<\/em>, mentre di maggior consistenza risultano i documenti inerenti al periodo del dominio toscano (1848-1849).<\/p>\n<ul>\n<li>\n<div><em><strong>Varie<\/strong><\/em><\/div>\n<\/li>\n<\/ul>\n<p>Merita un cenno\u00a0l&#8217;<em>Archivio della Congregazione di carit\u00e0 di Massa<\/em>\u00a0(1747-1925), inerente all&#8217;Ospedale civile locale, al Ricovero del Comune, al Ricovero Ascoli, alla Congregazione di carit\u00e0, all&#8217;Asilo infantile e gli atti dell&#8217;Opera nazionale orf<\/p>\n","protected":false},"excerpt":{"rendered":"<p>Archivi Enti Pubblici Di seguito vengono elencati i principali Archivi riguardanti gli Enti Pubblici: Archivio storico del Comune di Massa Depositato in pi\u00f9 fasi, a partire dal 1992, l&#8217;Archivio storico del Comune di Massa\u00a0(1515-1955), conserva carteggio che compenetra ed \u00e8 completamento di quello governativo.<\/p>\n","protected":false},"author":2,"featured_media":0,"parent":0,"menu_order":0,"comment_status":"closed","ping_status":"closed","template":"","meta":{"footnotes":""},"tags":[],"class_list":["post-216","page","type-page","status-publish","hentry"],"_links":{"self":[{"href":"https:\/\/archiviodistatodimassa.cultura.gov.it\/index.php?rest_route=\/wp\/v2\/pages\/216","targetHints":{"allow":["GET"]}}],"collection":[{"href":"https:\/\/archiviodistatodimassa.cultura.gov.it\/index.php?rest_route=\/wp\/v2\/pages"}],"about":[{"href":"https:\/\/archiviodistatodimassa.cultura.gov.it\/index.php?rest_route=\/wp\/v2\/types\/page"}],"author":[{"embeddable":true,"href":"https:\/\/archiviodistatodimassa.cultura.gov.it\/index.php?rest_route=\/wp\/v2\/users\/2"}],"replies":[{"embeddable":true,"href":"https:\/\/archiviodistatodimassa.cultura.gov.it\/index.php?rest_route=%2Fwp%2Fv2%2Fcomments&post=216"}],"version-history":[{"count":2,"href":"https:\/\/archiviodistatodimassa.cultura.gov.it\/index.php?rest_route=\/wp\/v2\/pages\/216\/revisions"}],"predecessor-version":[{"id":274,"href":"https:\/\/archiviodistatodimassa.cultura.gov.it\/index.php?rest_route=\/wp\/v2\/pages\/216\/revisions\/274"}],"wp:attachment":[{"href":"https:\/\/archiviodistatodimassa.cultura.gov.it\/index.php?rest_route=%2Fwp%2Fv2%2Fmedia&parent=216"}],"wp:term":[{"taxonomy":"post_tag","embeddable":true,"href":"https:\/\/archiviodistatodimassa.cultura.gov.it\/index.php?rest_route=%2Fwp%2Fv2%2Ftags&post=216"}],"curies":[{"name":"wp","href":"https:\/\/api.w.org\/{rel}","templated":true}]}}