{"id":287,"date":"2022-01-20T09:48:17","date_gmt":"2022-01-20T08:48:17","guid":{"rendered":"http:\/\/archiviodistatodimassa.cultura.gov.it\/?page_id=287"},"modified":"2022-05-20T08:25:01","modified_gmt":"2022-05-20T06:25:01","slug":"storia-2","status":"publish","type":"page","link":"https:\/\/archiviodistatodimassa.cultura.gov.it\/?page_id=287","title":{"rendered":"Storia"},"content":{"rendered":"<h2>Storia<\/h2>\n<p>Nel 1949 la Giunta Comunale di Pontremoli, con sua delibera del 09.12.1949, dichiar\u00f2 la volont\u00e0 di istituire una Sottosezione d&#8217;Archivio di Stato ai sensi dell&#8217;art. 11 della Circolare n. 2006; in realt\u00e0 sin dal 1941 ne era gi\u00e0 stata chiesta l&#8217;istituzione con delibera commissariale.<br \/>\nLa Sottosezione d&#8217;Archivio di Stato di Pontremoli fu poi istituita con decreto del 12.04.1954 dal Ministero dell&#8217;Interno grazie all&#8217;intervento del Comune, soprattutto nella persona del Sindaco, che dava sicure garanzie per le spese necessarie per i locali destinati ad accogliere il materiale documentario, unitamente alle scaffalature, per il personale e per il funzionamento previo parere del Prefetto di Massa e del Sovrintendente Archivistico della Liguria. Tale Sottosezione era destinata ad accogliere gli Atti Notarili anteriori al 1853, provenienti dall&#8217;Archivio mandamentale di Pontremoli e dall&#8217;Archivio Storico del Comune, alla luce dell&#8217;art. 11 della Legge 22.12.1939 n. 2006, che prevedeva il riordinamento degli archivi del Regno e la loro conservazione presso gli Archivi di Stato e le Sezioni.<br \/>\nFino ad allora gli Archivi di Stato su tutto il territorio nazionale erano 20, mentre le Sezioni, tra cui Massa, erano 74, comprese quelle di Zara e Fiume.<\/p>\n<p>Il funzionamento della Sottosezione di Pontremoli era previsto per il 1 giugno seguente potendo incamerare, su autorizzazione della Sovrintendenza archivistica di Genova, anche gli atti delle Magistrature Giudiziarie, delle Amministrazioni Statali e degli Enti Morali diversi cessati nel distretto di Pontremoli.<br \/>\nL&#8217;art. 7 prevedeva che la nomina del Direttore fosse fatta dall&#8217;Autorit\u00e0 Comunale ed il requisito principale era il possesso del diploma di Paleografia, Diplomatica ed Archivistica, sempre con nulla osta della Sovrintendenza di Genova.<\/p>\n<p>Con la legge del 17.12.1962 n. 1863 che disponeva l&#8217;ordinamento degli Archivi di Stato e del personale preposto, si avvi\u00f2 l&#8217;abolizione delle Sottosezioni d&#8217;Archivio di Stato con la conseguente trasformazione in Sezioni delle rispettive province (art. 2 comma B).<br \/>\nA questa prima variazione fece seguito l&#8217;applicazione del D.P.R. n. 1408 del 30.09.1963 che disponeva, oltre alla trasformazione delle Sottosezioni, l&#8217;istituzione di un archivio in ogni capoluogo di provincia. La Sezione di Pontremoli fu istituita con D.M. del 25.09.1965.<\/p>\n<p>Per quanto riguarda la sede della Sezione di Pontremoli, l&#8217;ufficio rimase presso i locali dell&#8217;Archivio comunale che l&#8217;Amministrazione aveva allora messo a disposizione, fino al trasferimento del 1978 nell&#8217;attuale sede sita nell&#8217;edificio dell&#8217;ex Convento Agostiniano della SS. Annunziata (sec. XV).<\/p>\n<p>\n        <section class=\"mt-4 mb-3 image-content italiawp2-img alignnone\">\n            <figure class=\"m-0 p-3 u-background-grey-60\">\n                <img src=\"https:\/\/archiviodistatodimassa.cultura.gov.it\/wp-content\/uploads\/2022\/Immagini dal sito\/Image\/ff038cb501f1bb880bdf861509495d0b-1024x686.jpg\" class=\"u-sizeFull\" alt=\"\">\n                <figcaption>\n                    <p><\/p>\n                <\/figcaption>\n            <\/figure><\/section><\/p>\n","protected":false},"excerpt":{"rendered":"<p>Storia Nel 1949 la Giunta Comunale di Pontremoli, con sua delibera del 09.<\/p>\n","protected":false},"author":2,"featured_media":0,"parent":0,"menu_order":0,"comment_status":"closed","ping_status":"closed","template":"","meta":{"footnotes":""},"tags":[],"class_list":["post-287","page","type-page","status-publish","hentry"],"_links":{"self":[{"href":"https:\/\/archiviodistatodimassa.cultura.gov.it\/index.php?rest_route=\/wp\/v2\/pages\/287","targetHints":{"allow":["GET"]}}],"collection":[{"href":"https:\/\/archiviodistatodimassa.cultura.gov.it\/index.php?rest_route=\/wp\/v2\/pages"}],"about":[{"href":"https:\/\/archiviodistatodimassa.cultura.gov.it\/index.php?rest_route=\/wp\/v2\/types\/page"}],"author":[{"embeddable":true,"href":"https:\/\/archiviodistatodimassa.cultura.gov.it\/index.php?rest_route=\/wp\/v2\/users\/2"}],"replies":[{"embeddable":true,"href":"https:\/\/archiviodistatodimassa.cultura.gov.it\/index.php?rest_route=%2Fwp%2Fv2%2Fcomments&post=287"}],"version-history":[{"count":3,"href":"https:\/\/archiviodistatodimassa.cultura.gov.it\/index.php?rest_route=\/wp\/v2\/pages\/287\/revisions"}],"predecessor-version":[{"id":1963,"href":"https:\/\/archiviodistatodimassa.cultura.gov.it\/index.php?rest_route=\/wp\/v2\/pages\/287\/revisions\/1963"}],"wp:attachment":[{"href":"https:\/\/archiviodistatodimassa.cultura.gov.it\/index.php?rest_route=%2Fwp%2Fv2%2Fmedia&parent=287"}],"wp:term":[{"taxonomy":"post_tag","embeddable":true,"href":"https:\/\/archiviodistatodimassa.cultura.gov.it\/index.php?rest_route=%2Fwp%2Fv2%2Ftags&post=287"}],"curies":[{"name":"wp","href":"https:\/\/api.w.org\/{rel}","templated":true}]}}