{"id":323,"date":"2022-01-20T10:08:43","date_gmt":"2022-01-20T09:08:43","guid":{"rendered":"http:\/\/archiviodistatodimassa.cultura.gov.it\/?page_id=323"},"modified":"2023-09-08T12:15:38","modified_gmt":"2023-09-08T10:15:38","slug":"biblioteca","status":"publish","type":"page","link":"https:\/\/archiviodistatodimassa.cultura.gov.it\/?page_id=323","title":{"rendered":"Biblioteca"},"content":{"rendered":"<h2>La biblioteca<\/h2>\n<p>La biblioteca dell&#8217;Archivio di Stato di Massa, consultabile dagli utenti dell&#8217;archivio, come gi\u00e0 previsto dal R.D. del 1911, n. 1163, artt. 108\/110, ha una consistenza di 14.500 unit\u00e0 bibliografiche (2.269 sono collocate presso la Sezione di Pontremoli), di cui 4.420 annate di periodici, per complessive 365 testate, cui si aggiunge una raccolta di disegni e stampe di 69 unit\u00e0.Oltre a pubblicazioni di materia archivistica, a sussidio delle attivit\u00e0 del personale dell&#8217;archivio, e varie raccolte legislative, possiede opere generali di consultazione, di tipo enciclopedico o repertoriale, corredo indispensabile a qualsiasi ricerca storica; inoltre raccoglie pubblicazioni di interesse storico locale, che acquisisce tramite dono, acquisto diretto, o riceve per diritto di copia dagli autori che hanno utilizzato il materiale documentario.<\/p>\n<p><figure id=\"attachment_1254\" aria-describedby=\"caption-attachment-1254\" style=\"width: 415px\" class=\"wp-caption alignnone\"><a href=\"https:\/\/beniculturaliit-my.sharepoint.com\/:f:\/g\/personal\/as-ms_cultura_gov_it\/EgMFiVs3CQdDhPYaHGkvklsBTJ2JbSNP6y60JpNYL0Lt8w?e=O3h3u8\">\n        <section class=\"mt-4 mb-3 image-content italiawp2-img alignnone\">\n            <figure class=\"m-0 p-3 u-background-grey-60\">\n                <img src=\"https:\/\/archiviodistatodimassa.cultura.gov.it\/wp-content\/uploads\/2022\/Immagini dal sito\/Image\/89a16486b41427d94de75878c22aaaa9.jpg\" class=\"u-sizeFull\" alt=\"\">\n                <figcaption>\n                    <p><\/p>\n                <\/figcaption>\n            <\/figure><\/section><\/a><figcaption id=\"caption-attachment-1254\" class=\"wp-caption-text\"><span style=\"color: #ff9900;\">LEBOINUS, Diaconus Historia del Santissimo Volto di S. Croce di Lucca \/ tradotta di latino in toscano da I[acopo] C[iuffarini] nobile lucchese. &#8211; In Lucca : Appresso Vincenzo Busdraghi, 1582<\/span><\/figcaption><\/figure><span style=\"color: #ff9900; font-size: 8pt;\">LEBOINUS, Diaconus Historia del Santissimo Volto di S. Croce di Lucca \/ tradotta di latino in toscano da I[acopo] C[iuffarini] nobile lucchese. &#8211; In Lucca : Appresso Vincenzo Busdraghi, 1582<\/span><\/p>\n<p>Le raccolte bibliografiche si costituirono a partire dalla fondazione dell&#8217;istituto nel 1887, e crebbero parallelamente allo sviluppo delle raccolte archivistiche. Il primo nucleo si deve infatti al primo direttore Giovanni Sforza e rappresenta cos\u00ec ancora oggi significativa testimonianza della sua erudizione e grande cultura storiografica.<\/p>\n<p>In particolare la<em><strong>\u00a0Biblioteca lunigianese raccolta per cura del direttore Giovanni Sforza<\/strong><\/em>\u00a0(cos\u00ec i volumi appaiono contrassegnati), anche se oggi purtroppo in gran parte disciolta nel resto della raccolta, \u00e8 ancora individuabile; lo Sforza forn\u00ec alla biblioteca molti classici della storiografia, strumenti bibliografici propri della ricerca storico-istituzionale e della storia del diritto, oltre ad importanti testate di riviste storiche e periodici culturali nazionali e locali, ma un&#8217;attenzione particolare riserv\u00f2 alla produzione bibliografica di interesse locale, di ogni epoca secondo l&#8217;idea guida di un&#8217;ampia bibliografia locale retrospettiva, che comprendesse anche opere letterarie e scientifiche. Alla stessa appartenevano inoltre i manoscritti cui \u00e8 oggi riservata una sezione archivistica.<\/p>\n<p>Muovendo da un&#8217;ottica documentaria, lo Sforza collezion\u00f2 edizioni antiche, inserendole nello stesso ordinamento; si tratta di edizioni in moltissimi casi rare, che datano dal XV al XVIII secolo, la gran parte delle quali trova attualmente posto all&#8217;interno della sezione &#8220;<em>rari e preziosi<\/em>&#8221; della biblioteca. Tale sezione consta di 114 edizioni di cui 2 incunaboli e 43 cinquecentine e se la parte pi\u00f9 cospicua \u00e8 costituita da opere di storici, non mancano opere di diritto, politica, filosofia e letteratura.\u00a0Tra le cinquecentine sono consultabili classici della storiografia, come ad esempio i<em><strong>\u00a0Commentaria urbana<\/strong><\/em>\u00a0di Raffaele Maffei (Volterrano), nell&#8217;edizione lionese in folio di S\u00e9bastien Gryphe del 1552, o i\u00a0<em><strong>Fatti di Alfonso d&#8217; Aragona<\/strong><\/em>\u00a0di Bartolomeo Fazio, nella traduzione in volgare di Giacomo Mauro (Venezia, Giolito de&#8217;Ferrari, 1579), cos\u00ec come Philippe de Comines tradotto da Lorenzo Conti (Genova, eredi del Bartoli, 1594). Inoltre<em><strong>\u00a0I cinque libri de le antichit\u00e0<\/strong><strong>\u00a0de Beroso sacerdote Caldeo<\/strong><\/em>\u00a0di Giovanni Nanni da Viterbo (Annio), traduzione volgare di Pietro Lauro Modenese, dei\u00a0<em><strong>Commentaria super opera diversorum auctorum de antiquitatibus<\/strong><\/em>, pubblicata a Venezia nel 1550 da Baldassarre Costantini.<\/p>\n<p>Da segnalare per rarit\u00e0 un esemplare del\u00a0<em><strong>De bello hispano<\/strong><\/em>\u00a0di Iacopo Bracelli da Sarzana del 1477: incunabolo privo di note tipografiche, ma stampato probabilmente a Milano. Ma si trovano nella raccolta opere di annalisti, genealogisti, agiografi e storici di interesse pi\u00f9 direttamente &#8220;locale&#8221;: dal Diacono Leboino, con una edizione del Busdraghi di Lucca del 1582 della\u00a0<em><strong>Historia del Santissimo volto di S.Croce di Lucca<\/strong><\/em>\u00a0, tradotta da Iacopo Ciuffarini, a Tolomeo Lucense (Bartolomeo Fiadoni) con i suoi\u00a0<em><strong>Annales<\/strong><\/em>\u00a0in una edizione seicentina (Lione, Roussin, 1619), alle cinquecentine delle opere di Tommaso Porcacchi ed Innocenzo Cybo Ghisi, presenti come storici delle famiglie Malaspina e Cybo, cos\u00ec come Francesco Maria Vialardi e, nel secolo successivo, Giulio Dal Pozzo. Tra essi si pu\u00f2 inoltre ricordare Giuliano Lamorati, con la\u00a0<em><strong>Vita di Papa Nicol\u00f2 V di Sarzana<\/strong><\/em>\u00a0e con le\u00a0<em><strong>Historie di Lunigiana<\/strong><\/em>: entrambi i volumi pubblicati a Massa da Girolamo Marini, rispettivamente nel 1679 e nel 1685.<\/p>\n<p>Ben rappresentati risultano anche i giuristi, sia per quanto riguarda il diritto civile che quello ecclesiastico. Ad esempio, tutti lunigianesi, ma di fama ben pi\u00f9 che locale, Venturino Vasoli, Giuseppe Mascardi, Borgnino Cavalcani, Alderano Mascardi, Alessandro Trombetta, Pietro Cavallo e Francesco Cicala. Per il diritto canonico sono presenti tra gli altri Giovan Battista Bracelli e Prospero Spinola, vescovi in diverse epoche della diocesi di Luni-Sarzana. Tra le fonti giuridiche statutarie non lunigianesi (essendo agli statuti lunigianesi riservata una sezione archivistica), edizioni del cinquecento degli Statuti e delle Leggi di Lucca, di Modena, degli Statuti di Berceto e di Genova: questi ultimi posseduti in edizioni diverse, tra cui si segnala la prima a stampa, curata da Antonio Maria Visdomini di Arcola cio\u00e8 l&#8217;incunabolo stampato a Bologna dal tipografo Caligola Bazalieri nel 1498.<\/p>\n<p>&nbsp;<\/p>\n<p><figure id=\"attachment_1175\" aria-describedby=\"caption-attachment-1175\" style=\"width: 378px\" class=\"wp-caption alignnone\"><a href=\"https:\/\/beniculturaliit-my.sharepoint.com\/:f:\/g\/personal\/as-ms_cultura_gov_it\/Eh4ZgveCu1BAvoGptSTm6OYBierkHy-joxM3Spen2ZwgjQ?e=77ybsb\">\n        <section class=\"mt-4 mb-3 image-content italiawp2-img alignnone\">\n            <figure class=\"m-0 p-3 u-background-grey-60\">\n                <img src=\"https:\/\/archiviodistatodimassa.cultura.gov.it\/wp-content\/uploads\/2022\/Immagini dal sito\/Image\/2256e2dd3d76023752384dbe34af0e33.jpg\" class=\"u-sizeFull\" alt=\"\">\n                <figcaption>\n                    <p><\/p>\n                <\/figcaption>\n            <\/figure><\/section><\/a><figcaption id=\"caption-attachment-1175\" class=\"wp-caption-text\"><span style=\"color: #ff6600;\">BELMESSERI, Paolo Pauli Belmisseri Pontremulani artium &amp; medicinae doctoris, equitis &amp; poetae laureati opera poetica. &#8211; [Parigi : Simon de Colines, 1534]<\/span><\/figcaption><\/figure><span style=\"color: #ff6600; font-size: 8pt;\">BELMESSERI, Paolo Pauli Belmisseri Pontremulani artium &amp; medicinae doctoris, equitis &amp; poetae laureati opera poetica. &#8211; [Parigi : Simon de Colines, 1534]<\/span><\/p>\n<p>&nbsp;<\/p>\n<p>Per quanto riguarda poi gli autori politici ed i moralisti troviamo, in edizione datata 1599, il\u00a0<em><strong>Trattato della religione e virtuti che deve havere il principe christiano<\/strong><\/em>, di Pietro Ribadeneyra, tradotto da Scipione Metelli di Castelnuovo di Lunigiana (Brescia, Compagnia Bresciana) e poi opere di Stefano Antonio Schiappalaria e di Agostino Mascardi.\u00a0In questa sezione, come gi\u00e0 accennato, risultano rappresentati anche letterati, specie se nativi della Lunigiana (o che siano stati ritenuti tali), come ad esempio Aulo Persio Flacco, presente con ben cinque diverse edizioni delle Satirae, e poi i poeti: Paolo Belmesseri &#8220;<em>Pontremulanus<\/em>&#8221; (che fu anche medico e filosofo), con l&#8217;edizione parigina dell&#8217;<em><strong>Opera poetica<\/strong><\/em>\u00a0(Simon de Colines, 1534), Venturino Vasoli &#8220;<em>Fivizanensis<\/em>&#8221; (che fu anche giurista) e Pietro Vasoli, anch&#8217;essi con edizioni cinquecentine, cos\u00ec come un altro fivizzanese, accademico della Crusca oltre che medico e filosofo: Giovanni Talentoni, con la sua\u00a0<em><strong>Lettione fatta da lui sopra &#8216;l principio del Canzoniere del Petrarca e recitata nella famosa Accademia fiorentina&#8217;<\/strong><\/em>\u00a0(Firenze, Filippo Giunti, 1587). Per il seicento, si pu\u00f2 segnalare la presenza di quattro edizioni di opere del poeta Francesco Berrettari &#8220;<em>Carrariensis<\/em>&#8221; (Massa, Girolamo Marini, 1673, 1678 e 1693; Lucca, Marescandoli, 1693) e di Nicola Margaritoni, con il suo poemetto celebrativo della famiglia Cybo,\u00a0<em><strong>Anfiteatro di eroi Cybo<\/strong><\/em>\u00a0(Massa, Girolamo Marini, 1678).<\/p>\n<p>Oltre ad edizioni cinquecentine di autori quali Pietro Bembo o Francesco Porta, troviamo le\u00a0<em><strong>Epistolae et praefationes<\/strong><\/em>\u00a0di Paolo Manuzio, umanista editore, pubblicate &#8220;<em>In Academia Veneta<\/em>&#8221; nel 1558 (anno di fondazione della stessa), dedicata al principe Alberico I Cybo Malaspina, come \u00e8 dedicata allo stesso Alberico &#8220;<em>di Massa Principe<\/em>&#8220;, la traduzione italiana di Giovanni Giudici de\u00a0<em><strong>Le vite delli pi\u00f9 celebri et antichi primi poeti provenzali<\/strong><\/em>, di Jean De Nostre Dame (Lione, Alessandro Marsili, 1575).<\/p>\n<p>Non mancano nella raccolta i filosofi e i naturalisti, con edizioni cinquecentine di Aristotele, Plinio il Vecchio, tradotto da Ludovico Domenichi con dedica ad Alberico I (Venezia, Alessandro Griffio, 1580), oltre al\u00a0<em><strong>Dialogo del flusso e reflusso del mare<\/strong><\/em>\u00a0di Girolamo Borri, pubblicato dal tipografo Busdraghi di Lucca nel 1561 (opera dedicata anch&#8217;essa ad Alberico I Cybo Malaspina e ad Isabella della Rovere sua consorte, e che sar\u00e0 poi citata dal Galilei).<\/p>\n<p>Alle raccolte bibliografiche si aggiunge una piccola, ma preziosa collezione di disegni e stampe, di cui si segnala una serie di\u00a0<a href=\"https:\/\/archiviodistatodimassa.cultura.gov.it\/?gallerie=vedute-di-anonimo\"><em><strong>55 disegni di autore anonimo del XVII secolo<\/strong><\/em><\/a>, raffiguranti possedimenti dei Cybo Malaspina, di cui 27 rappresentano vedute del Principato di Massa e del Marchesato di Carrara, con le rispettive frazioni collinari, e gli altri vedute dei Ducati di Ayello e di Ferentillo. Si tratta di vedute disegnate a penna, molto probabilmente commissionate dai Cybo Malaspina a scopo prevalentemente documentario, che costituiscono oggi una preziosa fonte iconografica per gli studi storici.<\/p>\n<p>Altrettanto si pu\u00f2 dire per la serie delle<em>\u00a0<a href=\"https:\/\/archiviodistatodimassa.cultura.gov.it\/?gallerie=salvioni\"><strong>18 vedute a penna ed acquerello<\/strong><\/a><\/em>\u00a0di Saverio Salvioni (1755-1833), artista massese di formazione toscana e romana, eseguite a partire dal 1810, che rappresentano le cave di marmo carraresi e documentano puntualmente, in una suggestiva cornice paesaggistica di sapore romantico, le attivit\u00e0 di estrazione e di lavorazione del marmo che vi si svolgevano.<\/p>\n<p>Il servizio di biblioteca dispone oggi di cataloghi per autore e per soggetto, informatizzati per la sezione di storia locale e per la parte generale corrente (accessioni a partire dal 1997), mentre il catalogo della sezione &#8220;<em>rari e preziosi<\/em>&#8221; e quello generale retrospettivo, sono in corso di informatizzazione. La catalogazione \u00e8 effettuata secondo le REICAT (Regole italiane di catalogazione), lo standard internazionale ISBD CE, e le indicazioni diffuse dall&#8217;ICCU per la catalogazione delle edizioni del XVI secolo.<\/p>\n<p><a href=\"https:\/\/archiviodistatodimassa.cultura.gov.it\/wp-content\/uploads\/2023\/09\/Biblioteca-Edizioni-antiche.pdf\">Biblioteca Edizioni antiche (pdf)<\/a><\/p>\n<p><a href=\"https:\/\/reprobi.erasmo.it\/\">Rete delle biblioteche di Massa Carrara<\/a><\/p>\n<p><a href=\"https:\/\/archiviodistatodimassa.cultura.gov.it\/?page_id=3670\">Guarda la galleria di immagini di libri rari e preziosi<\/a><\/p>\n","protected":false},"excerpt":{"rendered":"<p>La biblioteca La biblioteca dell&#8217;Archivio di Stato di Massa, consultabile dagli utenti dell&#8217;archivio, come gi\u00e0 previsto dal R.<\/p>\n","protected":false},"author":2,"featured_media":0,"parent":0,"menu_order":0,"comment_status":"closed","ping_status":"closed","template":"","meta":{"footnotes":""},"tags":[],"class_list":["post-323","page","type-page","status-publish","hentry"],"_links":{"self":[{"href":"https:\/\/archiviodistatodimassa.cultura.gov.it\/index.php?rest_route=\/wp\/v2\/pages\/323","targetHints":{"allow":["GET"]}}],"collection":[{"href":"https:\/\/archiviodistatodimassa.cultura.gov.it\/index.php?rest_route=\/wp\/v2\/pages"}],"about":[{"href":"https:\/\/archiviodistatodimassa.cultura.gov.it\/index.php?rest_route=\/wp\/v2\/types\/page"}],"author":[{"embeddable":true,"href":"https:\/\/archiviodistatodimassa.cultura.gov.it\/index.php?rest_route=\/wp\/v2\/users\/2"}],"replies":[{"embeddable":true,"href":"https:\/\/archiviodistatodimassa.cultura.gov.it\/index.php?rest_route=%2Fwp%2Fv2%2Fcomments&post=323"}],"version-history":[{"count":24,"href":"https:\/\/archiviodistatodimassa.cultura.gov.it\/index.php?rest_route=\/wp\/v2\/pages\/323\/revisions"}],"predecessor-version":[{"id":3734,"href":"https:\/\/archiviodistatodimassa.cultura.gov.it\/index.php?rest_route=\/wp\/v2\/pages\/323\/revisions\/3734"}],"wp:attachment":[{"href":"https:\/\/archiviodistatodimassa.cultura.gov.it\/index.php?rest_route=%2Fwp%2Fv2%2Fmedia&parent=323"}],"wp:term":[{"taxonomy":"post_tag","embeddable":true,"href":"https:\/\/archiviodistatodimassa.cultura.gov.it\/index.php?rest_route=%2Fwp%2Fv2%2Ftags&post=323"}],"curies":[{"name":"wp","href":"https:\/\/api.w.org\/{rel}","templated":true}]}}