{"id":342,"date":"2022-01-20T13:50:44","date_gmt":"2022-01-20T12:50:44","guid":{"rendered":"http:\/\/archiviodistatodimassa.cultura.gov.it\/?page_id=342"},"modified":"2025-10-23T15:59:10","modified_gmt":"2025-10-23T13:59:10","slug":"sala-studio","status":"publish","type":"page","link":"https:\/\/archiviodistatodimassa.cultura.gov.it\/?page_id=342","title":{"rendered":"Sala Studio"},"content":{"rendered":"<h2>Sala studio<\/h2>\n<p>Chiunque pu\u00f2 accedere liberamente e gratuitamente alla Sala di studio, per la consultazione degli atti d&#8217;archivio previa esibizione di un documento di riconoscimento valido e compilazione della relativa domanda di ammissione, contenenti i dati personali e l&#8217;oggetto della ricerca.<\/p>\n<p><em><strong>La Sala di studio \u00e8 aperta tutti i giorni dal luned\u00ec al venerd\u00ec, dalle ore 8,30\u00a0 alle 13,30 ; il marted\u00ec e il gioved\u00ec anche nel pomeriggio fino alle 17:00.<\/strong><\/em><\/p>\n<p>Possono essere consegnate all&#8217;utente, dietro richiesta redatta su appositi moduli, massimo 5 unit\u00e0 alla volta.<br \/>\nColoro che hanno gi\u00e0 fatto domanda di accesso alla Sala di studio, possono, durante il periodo della ricerca, prenotare telefonicamente le unit\u00e0 occorrenti all&#8217;indagine al fine di una maggior rapidit\u00e0 nel servizio.<\/p>\n<p>Lo studioso pu\u00f2 trovare indicazioni per la propria ricerca sia negli strumenti di corredo (inventari, elenchi, regesti, sia a stampa che dattiloscritti), che nell&#8217;assistenza fornita dal personale addetto.<br \/>\nL&#8217;utente pu\u00f2 consultare liberamente tutti gli archivi, fatta eccezione per quelli di carattere riservato la cui consultazione deve essere autorizzata dal Ministero dell&#8217;Interno. Per il materiale antecedente all&#8217;Ottocento \u00e8 possibile ottenere delle riproduzioni tramite la scansione.<\/p>\n<p>\n        <section class=\"mt-4 mb-3 image-content italiawp2-img alignnone\">\n            <figure class=\"m-0 p-3 u-background-grey-60\">\n                <img src=\"https:\/\/archiviodistatodimassa.cultura.gov.it\/wp-content\/uploads\/2022\/05\/6321faf16dca4c2d71deb667b86dd7eb-300x297.jpg\" class=\"u-sizeFull\" alt=\"\">\n                <figcaption>\n                    <p>Sala Studio<\/p>\n                <\/figcaption>\n            <\/figure><\/section><\/p>\n<p><a href=\"https:\/\/archiviodistatodimassa.cultura.gov.it\/wp-content\/uploads\/2022\/pdf%20%20beniculturali\/docsalastudien03520020210223114446.pdf\"><strong>Regolamento sala studio\u00a0 (pdf)<\/strong><\/a><\/p>\n","protected":false},"excerpt":{"rendered":"<p>Sala studio Chiunque pu\u00f2 accedere liberamente e gratuitamente alla Sala di studio, per la consultazione degli atti d&#8217;archivio previa esibizione di un documento di riconoscimento valido e compilazione della relativa domanda di ammissione, contenenti i dati personali e l&#8217;oggetto della ricerca.<\/p>\n","protected":false},"author":2,"featured_media":0,"parent":0,"menu_order":0,"comment_status":"closed","ping_status":"closed","template":"","meta":{"footnotes":""},"tags":[],"class_list":["post-342","page","type-page","status-publish","hentry"],"_links":{"self":[{"href":"https:\/\/archiviodistatodimassa.cultura.gov.it\/index.php?rest_route=\/wp\/v2\/pages\/342","targetHints":{"allow":["GET"]}}],"collection":[{"href":"https:\/\/archiviodistatodimassa.cultura.gov.it\/index.php?rest_route=\/wp\/v2\/pages"}],"about":[{"href":"https:\/\/archiviodistatodimassa.cultura.gov.it\/index.php?rest_route=\/wp\/v2\/types\/page"}],"author":[{"embeddable":true,"href":"https:\/\/archiviodistatodimassa.cultura.gov.it\/index.php?rest_route=\/wp\/v2\/users\/2"}],"replies":[{"embeddable":true,"href":"https:\/\/archiviodistatodimassa.cultura.gov.it\/index.php?rest_route=%2Fwp%2Fv2%2Fcomments&post=342"}],"version-history":[{"count":12,"href":"https:\/\/archiviodistatodimassa.cultura.gov.it\/index.php?rest_route=\/wp\/v2\/pages\/342\/revisions"}],"predecessor-version":[{"id":4845,"href":"https:\/\/archiviodistatodimassa.cultura.gov.it\/index.php?rest_route=\/wp\/v2\/pages\/342\/revisions\/4845"}],"wp:attachment":[{"href":"https:\/\/archiviodistatodimassa.cultura.gov.it\/index.php?rest_route=%2Fwp%2Fv2%2Fmedia&parent=342"}],"wp:term":[{"taxonomy":"post_tag","embeddable":true,"href":"https:\/\/archiviodistatodimassa.cultura.gov.it\/index.php?rest_route=%2Fwp%2Fv2%2Ftags&post=342"}],"curies":[{"name":"wp","href":"https:\/\/api.w.org\/{rel}","templated":true}]}}