{"id":3532,"date":"2023-07-05T12:15:37","date_gmt":"2023-07-05T10:15:37","guid":{"rendered":"https:\/\/archiviodistatodimassa.cultura.gov.it\/?page_id=3532"},"modified":"2025-01-09T10:48:38","modified_gmt":"2025-01-09T09:48:38","slug":"rilascio-di-copia-conforme-alloriginale","status":"publish","type":"page","link":"https:\/\/archiviodistatodimassa.cultura.gov.it\/?page_id=3532","title":{"rendered":"Rilascio di copia conforme all&#8217;originale"},"content":{"rendered":"<div id=\"cb-main-content\">\n<div id=\"c1255\" class=\"frame frame-default frame-type-text frame-layout-0\">\n<p>A fini giuridico \u2013 amministrativi \u00e8 possibile richiedere copia conforme della documentazione conservata dall&#8217;Archivio.<\/p>\n<p>La\u00a0<strong>copia conforme all\u2019originale\u00a0<\/strong>\u00e8 un atto o un documento che ne riproduce un altro, sul quale viene aggiunta una dichiarazione formale da parte di un pubblico ufficiale, autorizzato per legge a tale funzione, che attesta la fedele corrispondenza della copia all\u2019originale. In particolare, il pubblico ufficiale dichiara che la copia \u00e8\u00a0<strong>identica all\u2019originale\u00a0<\/strong>e che fa fede alla pari di esso.<\/p>\n<p>&nbsp;<\/p>\n<p><strong>Come richiedere una copia conforme all\u2019originale<\/strong><\/p>\n<p>Per richiedere il rilascio di copia conforme all\u2019originale \u00e8 necessario compilare apposito modulo di domanda:<a href=\"https:\/\/archiviodistatodimassa.cultura.gov.it\/wp-content\/uploads\/2024\/08\/Richiesta-di-copia-conforme-pdf-editabile.pdf\">Richiesta di copia conforme (pdf editabile)<\/a> completo di tutte le informazioni di cui si \u00e8 in possesso, con allegata la scansione di un documento di identit\u00e0 in corso di validit\u00e0. Nel caso in cui la richiesta venisse effettuata da parti terze per conto del richiedente, \u00e8 obbligatorio allegare una delega.<\/p>\n<p>La domanda \u00e8 esente da bollo nei\u00a0<a href=\"https:\/\/asmo.cultura.gov.it\/fileadmin\/risorse\/normativa\/ESENZIONI_MARCA_DA_BOLLO.pdf\">casi previsti dalla legge<\/a><\/p>\n<p><strong>Non saranno accolte le richieste compilate senza apposito modulo, con informazioni parziali o generiche, o inoltrate mediante posta ordinaria, prive di indirizzo mail o PEC a cui inoltrare la documentazione richiesta.<\/strong><\/p>\n<p><strong>Non si rilasciano estratti o certificati di atti di Stato civile, per i quali \u00e8 invece necessario rivolgersi al Comune di riferimento o di nascita.<\/strong><\/p>\n<p>Per ottenere tutte le informazioni necessarie alla compilazione della domanda \u00e8 possibile:<\/p>\n<ul>\n<li><strong>per i ruoli matricolari:<\/strong>\u00a0fare una ricerca attraverso gli\u00a0strumenti di accesso al patrimonio <a href=\"https:\/\/archiviodistatodimassa.cultura.gov.it\/?page_id=488\">(sfoglia le\u00a0Rubriche dei ruoli matricolari del Distretto di MS e SP<\/a>): necessario conoscere nominativo e anno di nascita<\/li>\n<li><strong>per gli atti di Stato civile<\/strong>\u00a0svolgere\u00a0la ricerca direttamente on line sul \u201c<a href=\"http:\/\/www.antenati.san.beniculturali.it\/\" target=\"_blank\" rel=\"noopener noreferrer\">Portale Antenati<\/a>\u201d che consente di visionare direttamente gli atti (a bassa risoluzione): necessario conoscere nominativo , anno\/i di nascita e\/o luogo<\/li>\n<li>richiedere preventivamente una\u00a0ricerca per corrispondenza\u00a0dell\u2019atto stesso, scrivendo una mail a\u00a0<a href=\"mailto:as-ms@cultura.gov.it\">as-ms@cultura.gov.it<\/a> indicando nell\u2019oggetto: \u201cRicerca di atto ai fini di richiesta di copia conforme\u201d<\/li>\n<\/ul>\n<p>&nbsp;<\/p>\n<p><strong>Il rilascio di copia conforme informatica di documento analogico<\/strong><\/p>\n<p>Il\u00a0<a href=\"https:\/\/docs.italia.it\/italia\/piano-triennale-ict\/codice-amministrazione-digitale-docs\/it\/v2021-07-30\/index.html\" target=\"_blank\" rel=\"noopener noreferrer\">Codice dell&#8217;amministrazione digitale &#8211; CAD<\/a>\u00a0(d.lgs. 82\/2005), art. 40 e il\u00a0\u00a0<a href=\"http:\/\/www.gazzettaufficiale.it\/eli\/id\/2015\/01\/12\/15A00107\/sg\" target=\"_blank\" rel=\"noopener noreferrer\">DPCM 13 novembre 2014\u00a0(Regole tecniche in materia di documento informatico \/ Produzione dei documenti digitali<\/a>) recano l\u2019obbligo\u00a0per la Pubblica Amministrazione di produrre gli originali dei propri documenti in formato digitale. In ottemperanza alle indicazioni contenute nelle\u00a0<a href=\"https:\/\/docs.italia.it\/AgID\/documenti-in-consultazione\/lg-documenti-informatici-docs\/it\/bozza\/formazione-dei-documenti-informatici.html#copie-per-immagine-su-supporto-informatico-di-documenti-analogici\" target=\"_blank\" rel=\"noopener noreferrer\">Linee guida sulla formazione, gestione e conservazione dei documenti informatici<\/a> (par. 2.2 Copie per immagine su supporto informatico di documenti analogici) l\u2019Archivio di Stato di Massa rilascia copie conformi informatiche di documenti analogici.<\/p>\n<p>Il rilascio della copia conforme in formato digitale avviene esclusivamente al titolare della richiesta o a un suo delegato, per i fini amministrativi dichiarati, entro 30 giorni dall&#8217;accettazione della richiesta, e previo pagamento per rimborso di spese di riproduzione.<\/p>\n<p>Il pagamento delle spese sostenute avviene mediante il\u00a0<a href=\"https:\/\/pagonline.cultura.gov.it\/pagamenti-pagopa\/operazioni\/home.do\" target=\"_blank\" rel=\"noopener noreferrer\">portale di pagamento PagoPa<\/a><\/p>\n<p><strong>Servizio &#8220;Acquista @e.bollo&#8221; (<a href=\"https:\/\/pagonline.cultura.gov.it\/pagamenti-pagopa\/acquista\/bollo.do\" target=\"_blank\" rel=\"noopener noreferrer\">portale Pagopa<\/a>)<\/strong><\/p>\n<p>&nbsp;<\/p>\n<\/div>\n<\/div>\n","protected":false},"excerpt":{"rendered":"<p>A fini giuridico \u2013 amministrativi \u00e8 possibile richiedere copia conforme della documentazione conservata dall&#8217;Archivio.<\/p>\n","protected":false},"author":2,"featured_media":0,"parent":0,"menu_order":0,"comment_status":"closed","ping_status":"closed","template":"","meta":{"footnotes":""},"tags":[],"class_list":["post-3532","page","type-page","status-publish","hentry"],"_links":{"self":[{"href":"https:\/\/archiviodistatodimassa.cultura.gov.it\/index.php?rest_route=\/wp\/v2\/pages\/3532","targetHints":{"allow":["GET"]}}],"collection":[{"href":"https:\/\/archiviodistatodimassa.cultura.gov.it\/index.php?rest_route=\/wp\/v2\/pages"}],"about":[{"href":"https:\/\/archiviodistatodimassa.cultura.gov.it\/index.php?rest_route=\/wp\/v2\/types\/page"}],"author":[{"embeddable":true,"href":"https:\/\/archiviodistatodimassa.cultura.gov.it\/index.php?rest_route=\/wp\/v2\/users\/2"}],"replies":[{"embeddable":true,"href":"https:\/\/archiviodistatodimassa.cultura.gov.it\/index.php?rest_route=%2Fwp%2Fv2%2Fcomments&post=3532"}],"version-history":[{"count":6,"href":"https:\/\/archiviodistatodimassa.cultura.gov.it\/index.php?rest_route=\/wp\/v2\/pages\/3532\/revisions"}],"predecessor-version":[{"id":4671,"href":"https:\/\/archiviodistatodimassa.cultura.gov.it\/index.php?rest_route=\/wp\/v2\/pages\/3532\/revisions\/4671"}],"wp:attachment":[{"href":"https:\/\/archiviodistatodimassa.cultura.gov.it\/index.php?rest_route=%2Fwp%2Fv2%2Fmedia&parent=3532"}],"wp:term":[{"taxonomy":"post_tag","embeddable":true,"href":"https:\/\/archiviodistatodimassa.cultura.gov.it\/index.php?rest_route=%2Fwp%2Fv2%2Ftags&post=3532"}],"curies":[{"name":"wp","href":"https:\/\/api.w.org\/{rel}","templated":true}]}}