{"id":401,"date":"2022-01-25T06:49:31","date_gmt":"2022-01-25T05:49:31","guid":{"rendered":"http:\/\/archiviodistatodimassa.cultura.gov.it\/?page_id=401"},"modified":"2025-09-23T17:48:23","modified_gmt":"2025-09-23T15:48:23","slug":"privacy-e-copyright","status":"publish","type":"page","link":"https:\/\/archiviodistatodimassa.cultura.gov.it\/?page_id=401","title":{"rendered":"Privacy e copyright"},"content":{"rendered":"<h2 class=\"slim-heading-line slim-margin-s-b\">Privacy e copyright \/ accessibilit\u00e0<\/h2>\n<div class=\"row slim-margin-l-tb\">\n<div class=\"row\">\n<div id=\"cb-main-content\">\n<div id=\"c138\" class=\"frame frame-default frame-type-text frame-layout-0\">\n<p><strong>Copyright<\/strong><br \/>\n<span style=\"color: #ff0000;\">I testi, le fotografie, la grafica, i materiali audiovisivi<\/span> e il software presenti su questo sito <span style=\"color: #ff0000;\">sono protetti ai sensi delle normative vigenti sul diritto d&#8217;autore<\/span>, sui brevetti e sulla propriet\u00e0 intellettuale.<br \/>\nI marchi e le denominazioni di enti, organismi e ditte menzionati nel sito appartengono ai rispettivi proprietari o titolari e possono essere protetti da brevetti e\/o copyright concessi o registrati dalle autorit\u00e0 preposte.<\/p>\n<p><strong>Utilizzo del sito<\/strong><br \/>\nI testi presenti sul sito sono liberamente utilizzabili per fini culturali e comunque non di lucro, a patto di citare chiaramente la fonte di provenienza, gli eventuali autori del testo, quando indicati, le date di redazione ed aggiornamento e l&#8217;url relativa.<br \/>\n<span style=\"color: #ff0000;\">Ogni oggetto presente sul sito per lo scaricamento (download) come ad esempio documentazione tecnica, modulistica ecc., salvo diversa indicazione, \u00e8 liberamente e gratuitamente disponibile a condizione che non venga utilizzato per trarne profitto o per il raggiungimento di fini illeciti.<\/span><br \/>\nIn nessun caso l&#8217;Archivio di Stato di Massa\u00a0potr\u00e0 essere ritenuto responsabile dei danni di qualsiasi natura causati direttamente o indirettamente dall&#8217;accesso al sito, dall&#8217;incapacit\u00e0 o impossibilit\u00e0 di accedervi, dall&#8217;utilizzo degli strumenti interattivi, dall&#8217;utilizzo delle notizie in esso contenute.<\/p>\n<p><strong>Segnalazione errori<\/strong><br \/>\nErrori, inesattezze o malfunzionamenti possono esser segnalati al seguente indirizzo di posta elettronica: <a href=\"mailto:as-ms@cultura.gov.it\">as-ms@cultura.gov.it<\/a><\/p>\n<p><strong>Accesso a siti esterni collegati<\/strong><br \/>\nL&#8217;Archivio di Stato di Massa declina ogni responsabilit\u00e0 per quanto riguarda i contenuti e lo stato di aggiornamento dei siti raggiungibili dai link presenti su questo sito.<\/p>\n<p>&nbsp;<\/p>\n<p>Tutela della privacy L&#8217;Archivio di Stato di Massa garantisce che il trattamento dei dati personali che dovessero pervenire via posta elettronica o moduli elettronici, anche in sede di registrazione, \u00e8 conforme a quanto previsto dalla vigente normativa sulla privacy (d.lgs. 30 giugno 2003, n.196, in vigore dal 1 gennaio 2004 e successive modificazioni e integrazioni). In particolare essi non saranno ceduti a terzi, il loro utilizzo servir\u00e0 esclusivamente per comunicazioni relative al sito e ai suoi contenuti e per l&#8217;eventuale invio di informazioni su argomenti attinenti ai contenuti del sito. I dati personali verranno trattati esclusivamente per lo svolgimento delle attivit\u00e0 di cui all&#8217;articolo 24 del codice sulla privacy, per le quali non \u00e8 richiesto il consenso dell&#8217;interessato. I diritti dell&#8217;interessato sono quelli espressamente indicati all&#8217;articolo 7 del codice sulla privacy e possono essere esercitati con richiesta rivolta senza formalit\u00e0, anche mediante lettera raccomandata, telefax o posta elettronica al titolare o al responsabile del trattamento dei dati personali<\/p>\n<\/div>\n<blockquote><p><strong>Eventuali criticit\u00e0 riscontrate nel sito di cui l\u2019amministrazione \u00e8 titolare, in termini di conformit\u00e0 ai principi di accessibilit\u00e0, o per avere un riscontro sulle informazioni inaccessibili e\/o per richiedere un adeguamento dei sistemi informatici a disposizione pu\u00f2 essere inoltrata apposita segnalazione direttamente a questa Amministrazione (come previsto dalla Legge 9 gennaio 2004, n. 4 aggiornata dal Decreto Legislativo 10 agosto 2018, n. 106, articolo 3-quater comma 2 lettera b) all\u2019indirizzo mail: as-ms@cultura.gov.it<\/strong>.<\/p><\/blockquote>\n<p>&nbsp;<\/p>\n<\/div>\n<\/div>\n<\/div>\n","protected":false},"excerpt":{"rendered":"<p>Privacy e copyright \/ accessibilit\u00e0 Copyright I testi, le fotografie, la grafica, i materiali audiovisivi e il software presenti su questo sito sono protetti ai sensi delle normative vigenti sul diritto d&#8217;autore, sui brevetti e sulla propriet\u00e0 intellettuale.<\/p>\n","protected":false},"author":2,"featured_media":0,"parent":0,"menu_order":0,"comment_status":"closed","ping_status":"closed","template":"","meta":{"footnotes":""},"tags":[],"class_list":["post-401","page","type-page","status-publish","hentry"],"_links":{"self":[{"href":"https:\/\/archiviodistatodimassa.cultura.gov.it\/index.php?rest_route=\/wp\/v2\/pages\/401","targetHints":{"allow":["GET"]}}],"collection":[{"href":"https:\/\/archiviodistatodimassa.cultura.gov.it\/index.php?rest_route=\/wp\/v2\/pages"}],"about":[{"href":"https:\/\/archiviodistatodimassa.cultura.gov.it\/index.php?rest_route=\/wp\/v2\/types\/page"}],"author":[{"embeddable":true,"href":"https:\/\/archiviodistatodimassa.cultura.gov.it\/index.php?rest_route=\/wp\/v2\/users\/2"}],"replies":[{"embeddable":true,"href":"https:\/\/archiviodistatodimassa.cultura.gov.it\/index.php?rest_route=%2Fwp%2Fv2%2Fcomments&post=401"}],"version-history":[{"count":6,"href":"https:\/\/archiviodistatodimassa.cultura.gov.it\/index.php?rest_route=\/wp\/v2\/pages\/401\/revisions"}],"predecessor-version":[{"id":4802,"href":"https:\/\/archiviodistatodimassa.cultura.gov.it\/index.php?rest_route=\/wp\/v2\/pages\/401\/revisions\/4802"}],"wp:attachment":[{"href":"https:\/\/archiviodistatodimassa.cultura.gov.it\/index.php?rest_route=%2Fwp%2Fv2%2Fmedia&parent=401"}],"wp:term":[{"taxonomy":"post_tag","embeddable":true,"href":"https:\/\/archiviodistatodimassa.cultura.gov.it\/index.php?rest_route=%2Fwp%2Fv2%2Ftags&post=401"}],"curies":[{"name":"wp","href":"https:\/\/api.w.org\/{rel}","templated":true}]}}