{"id":44,"date":"2022-01-18T15:10:11","date_gmt":"2022-01-18T14:10:11","guid":{"rendered":"http:\/\/archiviodistatodimassa.cultura.gov.it\/?page_id=44"},"modified":"2023-08-31T11:25:26","modified_gmt":"2023-08-31T09:25:26","slug":"sede","status":"publish","type":"page","link":"https:\/\/archiviodistatodimassa.cultura.gov.it\/?page_id=44","title":{"rendered":"Sede"},"content":{"rendered":"<p>Via G.Sforza 3, 54100, Massa (MS)<br \/>\nTelefono: 0585\/41684 Fax: 0585\/45190<br \/>\nE-mail: <a href=\"mailto:as-ms@cultura.gov.it\">as-ms@cultura.gov.it<\/a><\/p>\n<p><strong>Come raggiungerci:\u00a0<a title=\"Google Maps\" href=\"http:\/\/goo.gl\/maps\/9C9Da\" target=\"_blank\" rel=\"external noopener\"><em>Guarda su Google Maps<\/em><\/a><\/strong><\/p>\n<p><strong>Eventuali criticit\u00e0 riscontrate nel sito di cui l\u2019amministrazione \u00e8 titolare, in termini di conformit\u00e0 ai principi di accessibilit\u00e0, o per avere un riscontro sulle informazioni inaccessibili e\/o per richiedere un adeguamento dei sistemi informatici a disposizione pu\u00f2 essere inoltrata apposita segnalazione direttamente a questa Amministrazione (come previsto dalla Legge 9 gennaio 2004, n. 4 aggiornata dal Decreto Legislativo 10 agosto 2018, n. 106, articolo 3-quater comma 2 lettera b) all\u2019indirizzo mail:\u00a0 as-ms@cultura.gov.it.<\/strong><\/p>\n<p>&nbsp;<\/p>\n<p><strong>La sede dell\u2019Archivio di Stato di Massa \u00e8 raggiungibile:<\/strong><\/p>\n<ol>\n<li><em>In automobile:<\/em>\u00a0dall\u2019uscita autostradale Massa centro, direzione Viareggio. Al primo incrocio svoltare a sinistra verso via degli Oliveti. Superare lo stadio. All\u2019incrocio svoltare a destra. Al successivo incrocio girare a sinistra in via Benedetto Croce. Al primo semaforo svoltare a destra in via Puccini. Alla prima strada svoltare a sinistra. Il parcheggio \u00e8 poco pi\u00f9 avanti a destra;<\/li>\n<li><em>Dalla stazione ferroviaria:<\/em>\u00a0a piedi o con l\u2019autobus in direzione Piazza Liberazione. Scendere davanti alla fontana e poi proseguire per 100 metri.<\/li>\n<\/ol>\n<h3>Cenni storici<\/h3>\n<p>\n        <section class=\"mt-4 mb-3 image-content italiawp2-img alignnone\">\n            <figure class=\"m-0 p-3 u-background-grey-60\">\n                <img src=\"https:\/\/archiviodistatodimassa.cultura.gov.it\/wp-content\/uploads\/2022\/Immagini dal sito\/Image\/2b3097078eebffd81496d3085f155da8-300x300.jpg\" class=\"u-sizeFull\" alt=\"\">\n                <figcaption>\n                    <p><\/p>\n                <\/figcaption>\n            <\/figure><\/section><\/p>\n<p>La sede originaria dell&#8217;Archivio di Stato, al momento della sua istituzione ed apertura al pubblico nel 1887, si componeva di cinque sale ubicate al primo piano di\u00a0Palazzo Ducale.<br \/>\nNegli anni successivi furono assegnate all&#8217;Istituto altre stanze, adibite a depositi. Seguirono vari spostamenti, con soluzioni provvisorie e provvedimenti di ripiego.<\/p>\n<p>Nel 1934 venne addirittura istituita fuori del palazzo, in uno stabile privato preso in affitto dall&#8217;Amministrazione provinciale, una sezione distaccata di sei vani, con oltre 260 metri di scaffalatura. In conseguenza di ci\u00f2, i locali archivistici che alla fine del 1931 erano ventitre, raggiunsero il numero di trentaquattro, in maggioranza concentrati al secondo ed ultimo piano dell&#8217;edificio.<br \/>\nMalgrado ci\u00f2 essi finirono per dimostrarsi insufficienti. Costruiti per altro impiego ed adattati per ragioni di necessit\u00e0 a sede di Archivio di Stato, non presentavano n\u00e9 la possibilit\u00e0 di una razionale disposizione e neppure la sicurezza richiesta dalla pesantissima mole della documentazione conservata che costituiva, secondo i tecnici, un serio pericolo per la stabilit\u00e0 del palazzo stesso.<\/p>\n<p>Tale situazione di estrema precariet\u00e0 fu evidenziata fin dal 1931, quando alla direzione dell&#8217;Archivio fu nominato Gaetano Pappaianni. Questi pose subito in rilievo la necessit\u00e0 di provvedere ad una sede pi\u00f9 adatta per l&#8217;Istituto da lui diretto.<br \/>\nNel 1932 accordi concreti e risolutivi in proposito vennero presi tra l&#8217;Amministrazione provinciale e la direzione dell&#8217;Archivio di Stato. L&#8217;ingegner Aldo Pellegrini, capo dell&#8217;Ufficio Tecnico Provinciale, predispose l&#8217;elaborazione del progetto del nuovo edificio archivistico che fu approvato dal Rettorato provinciale nella seduta del 16 gennaio 1936, tenendo fede al solenne impegno assunto nel 1887 dal Consiglio Provinciale di Massa e Carrara &#8220;di assumere l&#8217;obbligo permanente della sede e dei servizi per l&#8217;Archivio di Stato&#8221;.<\/p>\n<p>Dapprima l&#8217;opera progettata doveva sorgere in via Marina, pi\u00f9 o meno dove poi \u00e8 stata costruita l&#8217;ex caserma dei Vigili del fuoco. Il progetto si concretizz\u00f2 infine con la costruzione dell&#8217;Archivio in una localit\u00e0 pi\u00f9 adatta ed opportuna, nell&#8217;attuale via Giovanni Sforza. I lavori ebbero inizio il 21 febbraio 1940, con un preventivo di spesa di quasi due milioni di lire dell&#8217;epoca.<\/p>\n<p>L&#8217;edificio fu costituito da due corpi ed ali laterali a tre piani e da un padiglione centrale ad un piano. L&#8217;ossatura muraria era composta in generale da muratura in pietrame listata con laterizi, muratura a mattoni con malta di agglomerante cementizio e da pilastri in cemento armato. Il prosieguo dei lavori venne rallentato dall&#8217;entrata in guerra dell&#8217;Italia, ma essi continuarono, pur tra mille difficolt\u00e0, e terminarono circa tre anni dopo.<\/p>\n<p>Essendo pronta anche la scaffalatura destinata ad accogliere le carte che sarebbero state collocate secondo il nuovo sistema &#8220;a magazzino&#8221;, nell&#8217;aprile del 1943 inizi\u00f2 il trasferimento dell&#8217;Archivio di Stato nella nuova sede, ultimato nel settembre dello stesso anno, sotto la continua minaccia dei bombardamenti.<br \/>\nIl materiale archivistico fortunatamente non sub\u00ec alcun danno a causa delle azioni belliche. Gli atti pi\u00f9 pregevoli, rinchiusi in oltre 100 casse, furono ricoverati a suo tempo nei locali seminterrati della sede. L&#8217;edificio invece fu ripetutamente colpito e danneggiato dalle incursioni aeree.<\/p>\n<p>Dal settembre 1944 al maggio 1945 l&#8217;Archivio rimase chiuso in seguito all&#8217;evacuazione della citt\u00e0 di Massa. Nell&#8217;immediato dopoguerra si provvide alla riparazione e ristrutturazione dello stabile. Cos\u00ec la ripristinata sede, trasformata nel suo aspetto esteriore ed anche internamente, venne ad occupare una superficie di 1.150 metri quadri, comprendendo, tra il corpo centrale e le due ali rialzate, ben trentasei vani. Tale aspetto ha conservato fino all&#8217;ultima ristrutturazione del 1985 che ha contribuito, attraverso ulteriori modifiche, a dare al fabbricato l&#8217;immagine prospettica e le valenze architettoniche che ancora oggi conserva.<\/p>\n<div id=\"imageList\">\n        <section class=\"mt-4 mb-3 image-content italiawp2-img alignnone\">\n            <figure class=\"m-0 p-3 u-background-grey-60\">\n                <img src=\"https:\/\/archiviodistatodimassa.cultura.gov.it\/wp-content\/uploads\/2022\/Immagini dal sito\/Image\/94c84b8ce6290ef1030191eab6deed88-300x203.jpg\" class=\"u-sizeFull\" alt=\"\">\n                <figcaption>\n                    <p>Palazzo Ducale<\/p>\n                <\/figcaption>\n            <\/figure><\/section>\n        <section class=\"mt-4 mb-3 image-content italiawp2-img alignnone\">\n            <figure class=\"m-0 p-3 u-background-grey-60\">\n                <img src=\"https:\/\/archiviodistatodimassa.cultura.gov.it\/wp-content\/uploads\/2022\/Immagini dal sito\/Image\/0cc7b65021afa104b10818c60db60a68-300x197.jpg\" class=\"u-sizeFull\" alt=\"\">\n                <figcaption>\n                    <p>progetto (attuato) del 1940<\/p>\n                <\/figcaption>\n            <\/figure><\/section>\n        <section class=\"mt-4 mb-3 image-content italiawp2-img alignnone\">\n            <figure class=\"m-0 p-3 u-background-grey-60\">\n                <img src=\"https:\/\/archiviodistatodimassa.cultura.gov.it\/wp-content\/uploads\/2022\/Immagini dal sito\/Image\/53bba2c4c12cb2d49a1e88e109425cf8-300x298.jpg\" class=\"u-sizeFull\" alt=\"\">\n                <figcaption>\n                    <p>Sede Massa<\/p>\n                <\/figcaption>\n            <\/figure><\/section><\/div>\n","protected":false},"excerpt":{"rendered":"<p>Via G.Sforza 3, 54100, Massa (MS) Telefono: 0585\/41684 Fax: 0585\/45190 E-mail: as-ms@cultura.<\/p>\n","protected":false},"author":2,"featured_media":0,"parent":0,"menu_order":0,"comment_status":"closed","ping_status":"closed","template":"","meta":{"footnotes":""},"tags":[],"class_list":["post-44","page","type-page","status-publish","hentry"],"_links":{"self":[{"href":"https:\/\/archiviodistatodimassa.cultura.gov.it\/index.php?rest_route=\/wp\/v2\/pages\/44","targetHints":{"allow":["GET"]}}],"collection":[{"href":"https:\/\/archiviodistatodimassa.cultura.gov.it\/index.php?rest_route=\/wp\/v2\/pages"}],"about":[{"href":"https:\/\/archiviodistatodimassa.cultura.gov.it\/index.php?rest_route=\/wp\/v2\/types\/page"}],"author":[{"embeddable":true,"href":"https:\/\/archiviodistatodimassa.cultura.gov.it\/index.php?rest_route=\/wp\/v2\/users\/2"}],"replies":[{"embeddable":true,"href":"https:\/\/archiviodistatodimassa.cultura.gov.it\/index.php?rest_route=%2Fwp%2Fv2%2Fcomments&post=44"}],"version-history":[{"count":14,"href":"https:\/\/archiviodistatodimassa.cultura.gov.it\/index.php?rest_route=\/wp\/v2\/pages\/44\/revisions"}],"predecessor-version":[{"id":3637,"href":"https:\/\/archiviodistatodimassa.cultura.gov.it\/index.php?rest_route=\/wp\/v2\/pages\/44\/revisions\/3637"}],"wp:attachment":[{"href":"https:\/\/archiviodistatodimassa.cultura.gov.it\/index.php?rest_route=%2Fwp%2Fv2%2Fmedia&parent=44"}],"wp:term":[{"taxonomy":"post_tag","embeddable":true,"href":"https:\/\/archiviodistatodimassa.cultura.gov.it\/index.php?rest_route=%2Fwp%2Fv2%2Ftags&post=44"}],"curies":[{"name":"wp","href":"https:\/\/api.w.org\/{rel}","templated":true}]}}